{"id":10473,"date":"2023-09-07T10:51:31","date_gmt":"2023-09-07T08:51:31","guid":{"rendered":"https:\/\/www.vaud.ch\/?page_id=10473"},"modified":"2025-01-16T14:54:55","modified_gmt":"2025-01-16T13:54:55","slug":"impressum","status":"publish","type":"page","link":"https:\/\/www.vaud.ch\/de\/impressum\/","title":{"rendered":"Impressum"},"content":{"rendered":"\n<div class=\"wp-block-group is-layout-constrained wp-block-group-is-layout-constrained\">\n<p>Diese Website wird von der Association Vaud Promotion, Avenue G\u00e9n\u00e9ral-Guisan 48, 1009 Pully (Schweiz), einer im Handelsregister eingetragenen Gesellschaft, CHE-107.043.761, betrieben.<\/p>\n\n\n\n<p><br>Sie erreichen uns per E-Mail unter info@vaud-promotion.ch und unter folgender Telefonnummer: 021 613 26 26.<\/p>\n\n\n\n<p><br>Durch die Nutzung und das Surfen auf unserer Website erkl\u00e4ren Sie sich damit einverstanden, an unsere rechtlichen Hinweise gebunden zu sein.<\/p>\n\n\n\n<h3 class=\"wp-block-heading\"><strong><strong>GEISTIGES EIGENTUM<\/strong><\/strong><\/h3>\n\n\n\n<p>Der Inhalt unserer Website, ihre allgemeine Struktur, Fotografien und Bilder, Videos, Infografiken, Texte und andere Materialien, aus denen unsere Website besteht, sind unser alleiniges Eigentum oder werden mit Erlaubnis ihrer Inhaber verwendet und sind durch Urheberrechte, Markenrechte und andere Rechte an geistigem Eigentum gesch\u00fctzt.<br>Jede vollst\u00e4ndige oder teilweise Darstellung oder Reproduktion unserer Website oder ihres Inhalts durch ein beliebiges Verfahren ohne unsere vorherige ausdr\u00fcckliche Genehmigung ist untersagt und stellt eine Verletzung des Gesetzes dar.<\/p>\n\n\n\n<h3 class=\"wp-block-heading\"><strong><strong>NUTZUNGSLIZENZ<\/strong><\/strong><\/h3>\n\n\n\n<p>Das dem Nutzer auf unserer Website gew\u00e4hrte Nutzungsrecht ist pers\u00f6nlich und privat. Jede Darstellung, Reproduktion, Verbreitung oder sonstige Nutzung des Inhalts der Website auf einem beliebigen Tr\u00e4ger f\u00fcr eine kommerzielle Nutzung ist untersagt. Das Nutzungsrecht umfasst lediglich die Erlaubnis, die Website und ihren Inhalt zu konsultieren. Jede andere Nutzung bedarf unserer vorherigen ausdr\u00fccklichen Genehmigung.<\/p>\n\n\n\n<h3 class=\"wp-block-heading\"><strong><strong>HAFTUNGSBESCHR\u00c4NKUNG<\/strong><\/strong><\/h3>\n\n\n\n<p>Obwohl wir bei der Erstellung unserer Website enorme Sorgfalt walten lassen, k\u00f6nnen wir nicht f\u00fcr die Richtigkeit oder Vollst\u00e4ndigkeit der ver\u00f6ffentlichten Informationen garantieren.<\/p>\n\n\n\n<p>Wir k\u00f6nnen auch nicht garantieren, dass die Website und\/oder die Server, auf denen sie gehostet wird, ohne Unterbrechungen, Fehlfunktionen, Fehler, Viren oder andere sch\u00e4dliche Komponenten funktionieren oder dass solche Probleme behoben werden k\u00f6nnen und werden. Durch die Nutzung und das Navigieren auf unserer Website erkl\u00e4ren Sie sich ausdr\u00fccklich mit den Beschr\u00e4nkungen unserer Haftung einverstanden, die sich aus der Nutzung unserer Website ergeben kann.<\/p>\n\n\n\n<h3 class=\"wp-block-heading\"><strong><strong>LINKS ZU ANDEREN INTERNETSEITEN<\/strong><\/strong><\/h3>\n\n\n\n<p>Die Website kann auf andere Websites von Dritten verweisen, die nicht unserer Kontrolle unterliegen. Wir \u00fcbernehmen keine Verantwortung f\u00fcr den Inhalt von Websites Dritter und Verweise von unserer Website auf Websites Dritter stellen keine Empfehlung oder Billigung der dort ge\u00e4usserten Meinungen dar.<\/p>\n\n\n\n<h3 class=\"wp-block-heading\"><strong><strong>DATENSCHUTZ<\/strong><\/strong><\/h3>\n\n\n\n<p>Wir verpflichten uns, Ihre personenbezogenen Daten zu respektieren. Weitere Informationen dar\u00fcber, wie wir Ihre Daten sammeln, verwenden und weitergeben, finden Sie in unserer <a href=\"https:\/\/www.myvaud.ch\/de\/Z14173\/datenschutzrichtlinien\">Datenschutzrichtlinie<\/a>.<\/p>\n<\/div>\n","protected":false},"excerpt":{"rendered":"<p>Diese Website wird von der Association Vaud Promotion, Avenue G\u00e9n\u00e9ral-Guisan 48, 1009 Pully (Schweiz), einer im Handelsregister eingetragenen Gesellschaft, CHE-107.043.761, betrieben. Sie erreichen uns per E-Mail unter info@vaud-promotion.ch und unter folgender Telefonnummer: 021 613 26 26. Durch die Nutzung und das Surfen auf unserer Website erkl\u00e4ren Sie sich damit einverstanden, an unsere rechtlichen Hinweise gebunden [&hellip;]<\/p>\n","protected":false},"author":17,"featured_media":0,"parent":0,"menu_order":0,"comment_status":"closed","ping_status":"closed","template":"","meta":{"_acf_changed":false,"footnotes":""},"class_list":["post-10473","page","type-page","status-publish","hentry"],"acf":[],"aioseo_notices":[],"_links":{"self":[{"href":"https:\/\/www.vaud.ch\/de\/wp-json\/wp\/v2\/pages\/10473","targetHints":{"allow":["GET"]}}],"collection":[{"href":"https:\/\/www.vaud.ch\/de\/wp-json\/wp\/v2\/pages"}],"about":[{"href":"https:\/\/www.vaud.ch\/de\/wp-json\/wp\/v2\/types\/page"}],"author":[{"embeddable":true,"href":"https:\/\/www.vaud.ch\/de\/wp-json\/wp\/v2\/users\/17"}],"replies":[{"embeddable":true,"href":"https:\/\/www.vaud.ch\/de\/wp-json\/wp\/v2\/comments?post=10473"}],"version-history":[{"count":2,"href":"https:\/\/www.vaud.ch\/de\/wp-json\/wp\/v2\/pages\/10473\/revisions"}],"predecessor-version":[{"id":10475,"href":"https:\/\/www.vaud.ch\/de\/wp-json\/wp\/v2\/pages\/10473\/revisions\/10475"}],"wp:attachment":[{"href":"https:\/\/www.vaud.ch\/de\/wp-json\/wp\/v2\/media?parent=10473"}],"curies":[{"name":"wp","href":"https:\/\/api.w.org\/{rel}","templated":true}]}}