{"id":10476,"date":"2023-09-07T11:03:56","date_gmt":"2023-09-07T09:03:56","guid":{"rendered":"https:\/\/www.vaud.ch\/?page_id=10476"},"modified":"2025-01-16T15:19:03","modified_gmt":"2025-01-16T14:19:03","slug":"cookies","status":"publish","type":"page","link":"https:\/\/www.vaud.ch\/de\/cookies\/","title":{"rendered":"Cookies"},"content":{"rendered":"\n<div class=\"wp-block-group is-layout-constrained wp-block-group-is-layout-constrained\">\n<script id=\"CookieDeclaration\" data-culture=\"de\" src=https:\/\/consent.cookiebot.com\/e68ca94b-0684-4924-9759-464ad22ae308\/cd.js type=\"text\/javascript\" async><\/script>\n\n\n\n<p>Bitte beachten Sie, dass Sie durch das Akzeptieren dieser Cookies der \u00dcbertragung Ihrer personenbezogenen Daten in die USA zustimmen. Es ist Ihnen jedoch m\u00f6glich, diese abzulehnen, indem Sie unser Pr\u00e4ferenzzentrum nutzen.<br><br>Vaud Promotion beh\u00e4lt sich das Recht vor, \u00c4nderungen an dieser Cookie-Erkl\u00e4rung vorzunehmen, die mit der Ver\u00f6ffentlichung auf dieser Website wirksam werden.<\/p>\n\n\n\n<p>Vaud Promotion &#8211; August 2023<\/p>\n<\/div>\n","protected":false},"excerpt":{"rendered":"<p>Bitte beachten Sie, dass Sie durch das Akzeptieren dieser Cookies der \u00dcbertragung Ihrer personenbezogenen Daten in die USA zustimmen. Es ist Ihnen jedoch m\u00f6glich, diese abzulehnen, indem Sie unser Pr\u00e4ferenzzentrum nutzen. Vaud Promotion beh\u00e4lt sich das Recht vor, \u00c4nderungen an dieser Cookie-Erkl\u00e4rung vorzunehmen, die mit der Ver\u00f6ffentlichung auf dieser Website wirksam werden. Vaud Promotion &#8211; [&hellip;]<\/p>\n","protected":false},"author":17,"featured_media":0,"parent":0,"menu_order":0,"comment_status":"closed","ping_status":"closed","template":"","meta":{"_acf_changed":false,"footnotes":""},"class_list":["post-10476","page","type-page","status-publish","hentry"],"acf":[],"aioseo_notices":[],"_links":{"self":[{"href":"https:\/\/www.vaud.ch\/de\/wp-json\/wp\/v2\/pages\/10476","targetHints":{"allow":["GET"]}}],"collection":[{"href":"https:\/\/www.vaud.ch\/de\/wp-json\/wp\/v2\/pages"}],"about":[{"href":"https:\/\/www.vaud.ch\/de\/wp-json\/wp\/v2\/types\/page"}],"author":[{"embeddable":true,"href":"https:\/\/www.vaud.ch\/de\/wp-json\/wp\/v2\/users\/17"}],"replies":[{"embeddable":true,"href":"https:\/\/www.vaud.ch\/de\/wp-json\/wp\/v2\/comments?post=10476"}],"version-history":[{"count":3,"href":"https:\/\/www.vaud.ch\/de\/wp-json\/wp\/v2\/pages\/10476\/revisions"}],"predecessor-version":[{"id":10479,"href":"https:\/\/www.vaud.ch\/de\/wp-json\/wp\/v2\/pages\/10476\/revisions\/10479"}],"wp:attachment":[{"href":"https:\/\/www.vaud.ch\/de\/wp-json\/wp\/v2\/media?parent=10476"}],"curies":[{"name":"wp","href":"https:\/\/api.w.org\/{rel}","templated":true}]}}