{"id":2416,"date":"2023-08-09T16:35:31","date_gmt":"2023-08-09T14:35:31","guid":{"rendered":"https:\/\/www.vaud.ch\/terroir\/"},"modified":"2025-12-09T18:52:32","modified_gmt":"2025-12-09T17:52:32","slug":"terroir","status":"publish","type":"page","link":"https:\/\/www.vaud.ch\/de\/terroir\/","title":{"rendered":"Terroir"},"content":{"rendered":"<div class=\"wp-bootstrap-blocks-row row justify-content-center\">\n\t\n\n<div class=\"col-12 col-md-10 col-lg-10 col-xl-7\">\n\t\t\t\n\n<p class=\"is-style-heading-p\">Die Geografie des Kantons Waadt bietet viele M\u00f6glichkeiten f\u00fcr Gaumenfreuden. Von den Alpen bis zu den Ufern des Genfersees werden in allen unseren Regionen eine F\u00fclle von lokalen Produkten erzeugt \u2013 zur Freude aller Geniesser.<\/p>\n\n\n\n<h2 class=\"wp-block-heading\">Ein aussergew\u00f6hnliches, nach allen Regeln der Kunst kultiviertes Terroir<\/h2>\n\n\n\n<figure class=\"wp-block-image size-full\"><img loading=\"lazy\" decoding=\"async\" width=\"1600\" height=\"1065\" src=\"https:\/\/www.vaud.ch\/app\/uploads\/2023\/08\/Ferme-et-ble.jpg\" alt=\"Ferme vaudoise\" class=\"wp-image-2551\" srcset=\"https:\/\/www.vaud.ch\/app\/uploads\/2023\/08\/Ferme-et-ble.jpg 1600w, https:\/\/www.vaud.ch\/app\/uploads\/2023\/08\/Ferme-et-ble-751x500.jpg 751w, https:\/\/www.vaud.ch\/app\/uploads\/2023\/08\/Ferme-et-ble-300x200.jpg 300w, https:\/\/www.vaud.ch\/app\/uploads\/2023\/08\/Ferme-et-ble-768x511.jpg 768w, https:\/\/www.vaud.ch\/app\/uploads\/2023\/08\/Ferme-et-ble-1024x682.jpg 1024w, https:\/\/www.vaud.ch\/app\/uploads\/2023\/08\/Ferme-et-ble-1536x1022.jpg 1536w\" sizes=\"auto, (max-width: 1600px) 100vw, 1600px\" \/><figcaption class=\"wp-element-caption\">\u00a9 Studio Patrick Jantet<\/figcaption><\/figure>\n\n\n\n<h3 class=\"wp-block-heading\">Hier treffen Ihre Sinne auf Genuss<\/h3>\n\n\n\n<p>Es sind atemberaubende Zahlen: Mit mehr als 3000&nbsp;km\u00b2 Fl\u00e4che, mehr als 3000&nbsp;m H\u00f6henunterschied, nahezu 4000&nbsp;ha Weinbergen und 6000&nbsp;km Flussl\u00e4ufen besitzt der Kanton Waadt eine unvergleichliche Geografie. Seine manchmal tausend Jahre alten K\u00e4sesorten, seine Weine, sein Gem\u00fcse, seine Fleischwaren und vieles mehr widerspiegeln Waadtl\u00e4nder Know-how zwischen Tradition und Innovation.<\/p>\n\n\n\n<p>Als Gourmet und Gourmand r\u00e4umt der Kanton Waadt der Gastronomie einen hohen Stellenwert ein. So existieren hier 100 vom Gastrof\u00fchrer <a href=\"https:\/\/www.gaultmillau.ch\/\">Gault&amp;Millau<\/a> ausgezeichnete Lokale und ein Dutzend Restaurants mit einem oder mehr <a href=\"https:\/\/guide.michelin.com\/ch\/de\/vaud\/restaurants\">Michelin<\/a>-Sternen.<\/p>\n\n\n\n<h3 class=\"wp-block-heading\">Es ist einfacher, lokal zu konsumieren, wenn Qualit\u00e4t und Herkunft garantiert sind<\/h3>\n\n\n\n<figure class=\"wp-block-image size-full\"><img loading=\"lazy\" decoding=\"async\" width=\"1600\" height=\"1200\" src=\"https:\/\/www.vaud.ch\/app\/uploads\/2023\/08\/Caves-a-fromage.jpg\" alt=\"Coop\u00e9rative de L\u2019Etivaz dans les Alpes vaudoises\" class=\"wp-image-2505\" srcset=\"https:\/\/www.vaud.ch\/app\/uploads\/2023\/08\/Caves-a-fromage.jpg 1600w, https:\/\/www.vaud.ch\/app\/uploads\/2023\/08\/Caves-a-fromage-667x500.jpg 667w, https:\/\/www.vaud.ch\/app\/uploads\/2023\/08\/Caves-a-fromage-300x225.jpg 300w, https:\/\/www.vaud.ch\/app\/uploads\/2023\/08\/Caves-a-fromage-768x576.jpg 768w, https:\/\/www.vaud.ch\/app\/uploads\/2023\/08\/Caves-a-fromage-1024x768.jpg 1024w, https:\/\/www.vaud.ch\/app\/uploads\/2023\/08\/Caves-a-fromage-1536x1152.jpg 1536w\" sizes=\"auto, (max-width: 1600px) 100vw, 1600px\" \/><figcaption class=\"wp-element-caption\">\u00a9 Coop\u00e9rative de L\u2019Etivaz<\/figcaption><\/figure>\n\n\n\n<p>Mit dem Label <a href=\"https:\/\/www.vaud.ch\/de\/das-label-vaud-certifie-dici\/\" title=\"VAUD CERTIFI\u00c9 D\u2019ICI\">VAUD CERTIFI\u00c9 D\u2019ICI<\/a> garantieren wir Ihnen die N\u00e4he, Vielfalt, Authentizit\u00e4t und R\u00fcckverfolgbarkeit von Waadtl\u00e4nder Produkten. Die 1700 zertifizierten Produkte bringen die Landwirtschaft und Waadtl\u00e4nder Unternehmen zur Geltung.<\/p>\n\n\n\n<p>Wenn Sie lokal konsumieren, profitieren Sie nicht nur von den besten saisonalen Produkten, Sie unterst\u00fctzen auch die Waadtl\u00e4nder Wirtschaft durch Einnahmen, die direkt zu Produzenten in der N\u00e4he fliessen. Zudem begrenzen Sie die Auswirkungen auf die Umwelt, indem Sie kurzen Wegen zwischen Konsumenten und Lebensmittelproduzenten den Vorzug geben. Das bedeutet Nachhaltigkeit in Ihrem Einkaufskorb.<\/p>\n\n\n\n<div style=\"height:100px\" aria-hidden=\"true\" class=\"wp-block-spacer\"><\/div>\n\n\n\n    <div class=\"post-list-arrows \">\n                <div class=\"arrows\">\n            <div class=\" prev-arrow\">\n                <img decoding=\"async\" src=\"https:\/\/www.vaud.ch\/app\/themes\/child\/assets\/images\/system-outline-161-trending-flat.svg\" alt=\"\" class=\"skip-lazy\">\n            <\/div>\n            <div class=\"next-arrow\">\n                <img decoding=\"async\" src=\"https:\/\/www.vaud.ch\/app\/themes\/child\/assets\/images\/system-outline-161-trending-flat.svg\" alt=\"\" class=\"skip-lazy\">\n            <\/div>\n        <\/div>\n\n    <\/div>\n    <div class=\"call-to-action  row  \"  style=\"\">\n                        <div class=\"col-md-3\">\n                                            <a class=\"cta-item \" href=\"https:\/\/www.vaud.ch\/de\/das-label-vaud-certifie-dici\/\" target=\"_self\">\n                                                                                    <img data-lazy=\"https:\/\/www.vaud.ch\/app\/uploads\/2023\/08\/TerroirVaud_Tour-de-Romandie-Feminin-Jonanthan-Viey-Studio-750x500.jpg\" alt=\"Mehr zum Label  \" class=\"skip-lazy\">\n                                                        <span class=\"text\">Mehr zum Label  <\/span>\n                            <span class=\"read-more\">Mehr lesen<\/span>\n                                                    <\/a>\n                        <\/div>\n                <div class=\"col-md-3\">\n                                            <a class=\"cta-item \" href=\"https:\/\/www.vaud.ch\/de\/tourismus\/gastronomie\/\" target=\"_self\">\n                                                                                    <img data-lazy=\"https:\/\/www.vaud.ch\/app\/uploads\/2023\/08\/TerroirVaud_Giovanninni_vlcsnap-2023-02-21-15h51m43s274-e1692971428297-718x500.jpg\" alt=\"Waadtl\u00e4nder Gastronomie im Fokus \" class=\"skip-lazy\">\n                                                        <span class=\"text\">Waadtl\u00e4nder Gastronomie im Fokus <\/span>\n                            <span class=\"read-more\">Mehr lesen<\/span>\n                                                    <\/a>\n                        <\/div>\n                <div class=\"col-md-3\">\n                                            <a class=\"cta-item \" href=\"https:\/\/www.vaud.ch\/terroir\/produits-certifies\/\" target=\"_self\">\n                                                                                    <img data-lazy=\"https:\/\/www.vaud.ch\/app\/uploads\/2023\/08\/Tour-de-Romandie-Feminin-Jonanthan-Viey-Studio-1-750x500.jpg\" alt=\"Franz\u00f6sischsprachiger Katalog f\u00fcr zertifizierte Produkte\" class=\"skip-lazy\">\n                                                        <span class=\"text\">Franz\u00f6sischsprachiger Katalog f\u00fcr zertifizierte Produkte<\/span>\n                            <span class=\"read-more\">Mehr lesen<\/span>\n                                                    <\/a>\n                        <\/div>\n                <div class=\"col-md-3\">\n                                            <a class=\"cta-item \" href=\"https:\/\/www.vaud.ch\/terroir\/producteurs\/\" target=\"_self\">\n                                                                                    <img data-lazy=\"https:\/\/www.vaud.ch\/app\/uploads\/2023\/09\/IMGP9379.jpg\" alt=\"Begegnungen mit engagierten Produzentinnen und Produzenten (Seite auf Franz\u00f6sisch) \" class=\"skip-lazy\">\n                                                        <span class=\"text\">Begegnungen mit engagierten Produzentinnen und Produzenten (Seite auf Franz\u00f6sisch) <\/span>\n                            <span class=\"read-more\">Mehr lesen<\/span>\n                                                    <\/a>\n                        <\/div>\n<\/div>\n\n\n\n\n<div style=\"height:100px\" aria-hidden=\"true\" class=\"wp-block-spacer\"><\/div>\n\n\t<\/div>\n\n\n\n<div class=\"col-12 col-md-10 col-lg-10 col-xl-7\">\n\t\t\t\n\n<h4 class=\"wp-block-heading has-blue-color-color has-white-color-background-color has-text-color has-background\">Mehr zum Label VAUD CERTITIFI\u00c9 D&#8217;ICI<\/h4>\n\n\n\n    <div class=\"members row \"  style=\"\">\n                        <div class=\"col-md-6\">\n                    <div class=\"member-item\">\n                                                    <img decoding=\"async\" src=\"https:\/\/www.vaud.ch\/app\/uploads\/2023\/08\/Eliane-Pinard.png\" alt=\"Eliane Pinard-Baumgartner\">\n                        \n                        <div class=\"member-content\">\n                            <h3>Eliane Pinard-Baumgartner<\/h3>\n                                                            <span class=\"function\">Verantwortlich f\u00fcr die Zertifizierung<\/span>\n                            \n                                                            <span class=\"service\">+41 32 613 26 26<\/span>\n                            \n                                                            <div class=\"contact-info\">\n                                    \n                                                                            <a href=\"mailto:produit@vaud-promotion.ch\" class=\"with-icon\">\n                                            <lord-icon src=\"https:\/\/cdn.lordicon.com\/nfsqebdc.json\" target=\".with-icon\" trigger=\"hover\" colors=\"primary:#0a334d\" style=\"width:15px;height:15px\"><\/lord-icon>produit@vaud-promotion.ch                                        <\/a>\n                                                                    <\/div>\n                            \n                        <\/div>\n                    <\/div>\n                <\/div>\n            <\/div>\n\n\n\t<\/div>\n\n<\/div>\n","protected":false},"excerpt":{"rendered":"","protected":false},"author":3,"featured_media":1883,"parent":0,"menu_order":0,"comment_status":"closed","ping_status":"closed","template":"","meta":{"_acf_changed":false,"footnotes":""},"class_list":["post-2416","page","type-page","status-publish","has-post-thumbnail","hentry"],"acf":[],"aioseo_notices":[],"_links":{"self":[{"href":"https:\/\/www.vaud.ch\/de\/wp-json\/wp\/v2\/pages\/2416","targetHints":{"allow":["GET"]}}],"collection":[{"href":"https:\/\/www.vaud.ch\/de\/wp-json\/wp\/v2\/pages"}],"about":[{"href":"https:\/\/www.vaud.ch\/de\/wp-json\/wp\/v2\/types\/page"}],"author":[{"embeddable":true,"href":"https:\/\/www.vaud.ch\/de\/wp-json\/wp\/v2\/users\/3"}],"replies":[{"embeddable":true,"href":"https:\/\/www.vaud.ch\/de\/wp-json\/wp\/v2\/comments?post=2416"}],"version-history":[{"count":17,"href":"https:\/\/www.vaud.ch\/de\/wp-json\/wp\/v2\/pages\/2416\/revisions"}],"predecessor-version":[{"id":19874,"href":"https:\/\/www.vaud.ch\/de\/wp-json\/wp\/v2\/pages\/2416\/revisions\/19874"}],"wp:featuredmedia":[{"embeddable":true,"href":"https:\/\/www.vaud.ch\/de\/wp-json\/wp\/v2\/media\/1883"}],"wp:attachment":[{"href":"https:\/\/www.vaud.ch\/de\/wp-json\/wp\/v2\/media?parent=2416"}],"curies":[{"name":"wp","href":"https:\/\/api.w.org\/{rel}","templated":true}]}}