{"id":2452,"date":"2023-08-09T16:35:47","date_gmt":"2023-08-09T14:35:47","guid":{"rendered":"https:\/\/www.vaud.ch\/?page_id=2452"},"modified":"2025-12-11T15:44:52","modified_gmt":"2025-12-11T14:44:52","slug":"tourismus","status":"publish","type":"page","link":"https:\/\/www.vaud.ch\/de\/tourismus\/","title":{"rendered":"Tourismus"},"content":{"rendered":"<div class=\"wp-bootstrap-blocks-row row justify-content-center\">\n\t\n\n<div class=\"col-12 col-md-10 col-xl-7\">\n\t\t\t\n\n<p class=\"is-style-heading-p\">Verbringen Sie Ihren Urlaub lieber am Strand oder in den Bergen? Im Kanton Waadt m\u00fcssen Sie nicht w\u00e4hlen! Denn hier ist alles auf kleinstem Raum m\u00f6glich. Ihre Ferien im Waadtland werden Ihre W\u00fcnsche erf\u00fcllen und Ihnen bleibende Erinnerungen hinterlassen.<\/p>\n\n\n\n<h2 class=\"wp-block-heading\">Traumferien im Waadtland<\/h2>\n\n\n\n<figure class=\"wp-block-image size-full\"><img loading=\"lazy\" decoding=\"async\" width=\"2560\" height=\"1707\" src=\"https:\/\/www.vaud.ch\/app\/uploads\/2023\/08\/TourismeVaud_Diablerets-Peak-Walk-by-Tissot-c-Visualps.ch_-scaled.jpg\" alt=\"\" class=\"wp-image-1401\" srcset=\"https:\/\/www.vaud.ch\/app\/uploads\/2023\/08\/TourismeVaud_Diablerets-Peak-Walk-by-Tissot-c-Visualps.ch_-scaled.jpg 2560w, https:\/\/www.vaud.ch\/app\/uploads\/2023\/08\/TourismeVaud_Diablerets-Peak-Walk-by-Tissot-c-Visualps.ch_-2048x1365.jpg 2048w, https:\/\/www.vaud.ch\/app\/uploads\/2023\/08\/TourismeVaud_Diablerets-Peak-Walk-by-Tissot-c-Visualps.ch_-750x500.jpg 750w, https:\/\/www.vaud.ch\/app\/uploads\/2023\/08\/TourismeVaud_Diablerets-Peak-Walk-by-Tissot-c-Visualps.ch_-300x200.jpg 300w, https:\/\/www.vaud.ch\/app\/uploads\/2023\/08\/TourismeVaud_Diablerets-Peak-Walk-by-Tissot-c-Visualps.ch_-768x512.jpg 768w, https:\/\/www.vaud.ch\/app\/uploads\/2023\/08\/TourismeVaud_Diablerets-Peak-Walk-by-Tissot-c-Visualps.ch_-1024x683.jpg 1024w, https:\/\/www.vaud.ch\/app\/uploads\/2023\/08\/TourismeVaud_Diablerets-Peak-Walk-by-Tissot-c-Visualps.ch_-1536x1024.jpg 1536w\" sizes=\"auto, (max-width: 2560px) 100vw, 2560px\" \/><figcaption class=\"wp-element-caption\">\u00a9Glacier 3000<\/figcaption><\/figure>\n\n\n\n<p>Wo immer man sich im Kanton Waadt gerade befindet, stets ist ein See in der N\u00e4he: der Genfersee, der Lac de Joux oder der Neuenburgersee. Ihr kristallklares Blau beleuchtet die Landschaften, w\u00e4hrend sich im Hintergrund der Jura oder die Alpen abzeichnen. Die St\u00e4rke unserer Region: eine zauberhafte nat\u00fcrliche Umgebung und eine unersch\u00f6pfliche Auswahl an Aktivit\u00e4ten sportlicher, kultureller oder spielerischer Art, alles in k\u00fcrzester Zeit erreichbar. Z\u00f6gern Sie noch? Lassen Sie sich verf\u00fchren.<\/p>\n\n\n\n<p>Um es auf einen Nenner zu bringen: Das Tourismusangebot im Kanton Waadt ist in jeder Jahreszeit eine Reise wert! Um Ihren Aufenthalt nach Ihren W\u00fcnschen und Bed\u00fcrfnissen zu gestalten, sehen Sie sich am besten in den unten stehenden Rubriken um. Sie werden dort bestimmt Ihr Gl\u00fcck finden!<\/p>\n\n\n\n    <div class=\"post-list-arrows \">\n                <div class=\"arrows\">\n            <div class=\" prev-arrow\">\n                <img decoding=\"async\" src=\"https:\/\/www.vaud.ch\/app\/themes\/child\/assets\/images\/system-outline-161-trending-flat.svg\" alt=\"\" class=\"skip-lazy\">\n            <\/div>\n            <div class=\"next-arrow\">\n                <img decoding=\"async\" src=\"https:\/\/www.vaud.ch\/app\/themes\/child\/assets\/images\/system-outline-161-trending-flat.svg\" alt=\"\" class=\"skip-lazy\">\n            <\/div>\n        <\/div>\n\n    <\/div>\n    <div class=\"call-to-action  row  \"  style=\"\">\n                        <div class=\"col-md-3\">\n                                            <a class=\"cta-item \" href=\"https:\/\/www.vaud.ch\/de\/tourismus\/veranstaltungen\/\" target=\"_self\">\n                                                                                    <img data-lazy=\"https:\/\/www.vaud.ch\/app\/uploads\/2023\/08\/BCU_YilianCanizaresQuartet_Naomi-Wenger-FML2018-750x500.jpg\" alt=\"Ein voller Veranstaltungskalender\" class=\"skip-lazy\">\n                                                        <span class=\"text\">Ein voller Veranstaltungskalender<\/span>\n                            <span class=\"read-more\">Mehr lesen<\/span>\n                                                    <\/a>\n                        <\/div>\n                <div class=\"col-md-3\">\n                                            <a class=\"cta-item \" href=\"https:\/\/www.vaud.ch\/de\/praktische-tipps\/\" target=\"_self\">\n                                                                                    <img data-lazy=\"https:\/\/www.vaud.ch\/app\/uploads\/2023\/08\/Villars-Meeting-Trophy-2022-c-Matthias-Nutt-89-751x500.jpg\" alt=\"Waadt: einfach und praktisch \" class=\"skip-lazy\">\n                                                        <span class=\"text\">Waadt: einfach und praktisch <\/span>\n                            <span class=\"read-more\">Mehr lesen<\/span>\n                                                    <\/a>\n                        <\/div>\n                <div class=\"col-md-3\">\n                                            <a class=\"cta-item \" href=\"https:\/\/www.vaud.ch\/de\/tourismus\/nos-destinations\/\" target=\"_self\">\n                                                                                    <img data-lazy=\"https:\/\/www.vaud.ch\/app\/uploads\/2023\/08\/ST_3x2_Avenches-Roman-walking-tour_75289_Switzerland-Tourism-Dominik-Baur-750x500.jpg\" alt=\"Unsere Reiseziele\" class=\"skip-lazy\">\n                                                        <span class=\"text\">Unsere Reiseziele<\/span>\n                            <span class=\"read-more\">Mehr lesen<\/span>\n                                                    <\/a>\n                        <\/div>\n<\/div>\n\n\n\t<\/div>\n\n<\/div>\n","protected":false},"excerpt":{"rendered":"","protected":false},"author":8,"featured_media":8515,"parent":0,"menu_order":0,"comment_status":"closed","ping_status":"closed","template":"","meta":{"_acf_changed":false,"footnotes":""},"class_list":["post-2452","page","type-page","status-publish","has-post-thumbnail","hentry"],"acf":[],"aioseo_notices":[],"_links":{"self":[{"href":"https:\/\/www.vaud.ch\/de\/wp-json\/wp\/v2\/pages\/2452","targetHints":{"allow":["GET"]}}],"collection":[{"href":"https:\/\/www.vaud.ch\/de\/wp-json\/wp\/v2\/pages"}],"about":[{"href":"https:\/\/www.vaud.ch\/de\/wp-json\/wp\/v2\/types\/page"}],"author":[{"embeddable":true,"href":"https:\/\/www.vaud.ch\/de\/wp-json\/wp\/v2\/users\/8"}],"replies":[{"embeddable":true,"href":"https:\/\/www.vaud.ch\/de\/wp-json\/wp\/v2\/comments?post=2452"}],"version-history":[{"count":8,"href":"https:\/\/www.vaud.ch\/de\/wp-json\/wp\/v2\/pages\/2452\/revisions"}],"predecessor-version":[{"id":20075,"href":"https:\/\/www.vaud.ch\/de\/wp-json\/wp\/v2\/pages\/2452\/revisions\/20075"}],"wp:featuredmedia":[{"embeddable":true,"href":"https:\/\/www.vaud.ch\/de\/wp-json\/wp\/v2\/media\/8515"}],"wp:attachment":[{"href":"https:\/\/www.vaud.ch\/de\/wp-json\/wp\/v2\/media?parent=2452"}],"curies":[{"name":"wp","href":"https:\/\/api.w.org\/{rel}","templated":true}]}}