{"id":3145,"date":"2021-12-17T11:45:39","date_gmt":"2021-12-17T10:45:39","guid":{"rendered":"https:\/\/www.vaud.ch\/tous-les-evenements\/"},"modified":"2025-12-11T14:14:53","modified_gmt":"2025-12-11T13:14:53","slug":"veranstaltungen","status":"publish","type":"page","link":"https:\/\/www.vaud.ch\/de\/tourismus\/veranstaltungen\/","title":{"rendered":"Agenda und Veranstaltungen"},"content":{"rendered":"<div class=\"wp-bootstrap-blocks-row row justify-content-center\">\n\t\n\n<div class=\"col-12 col-md-10 col-xl-7\">\n\t\t\t\n\n<p class=\"is-style-heading-p\">Der Kanton Waadt ist gepr\u00e4gt von zahlreichen Veranstaltungen, Events, Ausstellungen und Festivals von internationalem Niveau und f\u00fcr jedes Publikum. Sie geben dem Leben der Waadtl\u00e4nderinnen und Waadtl\u00e4nder, aber auch der hier verweilenden Touristen einen fr\u00f6hlichen Rhythmus. Eines ist klar: Im Kanton Waadt gibt es unz\u00e4hlige Veranstaltungen kultureller, famili\u00e4rer oder sportlicher Art, in engem Kontakt mit der Natur oder mit traditionellen Produzenten. Es ist definitiv f\u00fcr jeden Geschmack etwas dabei!<\/p>\n\n\n\n<h2 class=\"wp-block-heading\">Ein voller Veranstaltungskalender<\/h2>\n\n\t<\/div>\n\n<\/div>\n\n\n<div class=\"wp-bootstrap-blocks-row row justify-content-center\">\n\t\n\n<div class=\"col-12 col-xl-10 col-xxl-10\">\n\t\t\t\n    <div class=\"events-list-outer posts-list-map \"  style=\"\" data-max-post=\"4\" data-type=\"events\" data-lang=\"de\">\n        <div class=\"row\">\n            <div class=\"col-lg-5\">\n                <div class=\"filter-outer\">\n                    <div class=\"filters-tools v2 show\">\n                        <span class=\"total\">\n                            <span class=\"number\">985<\/span>\n                            Ergebnisse                        <\/span>\n                        <a href=\"#\" class=\"reset-filters with-icon d-none\">\n                            Filter zur\u00fccksetzen                            <lord-icon src=\"https:\/\/cdn.lordicon.com\/ebyacdql.json\" target=\".reset-filters\" trigger=\"hover\" colors=\"primary:#0A4069\" style=\"width:24px;height:24px\"><\/lord-icon>\n                        <\/a>\n                        <lord-icon src=\"https:\/\/cdn.lordicon.com\/gkryirhd.json\" class=\"loading-icon\" trigger=\"loop\" state=\"loop-snake\" colors=\"primary:#0a4069\" style=\"width:30px;height:30px\"><\/lord-icon>\n                    <\/div>\n                    <div class=\"mobile-filters-btn with-icon\">\n                        <span class=\"icon\">\n                            <lord-icon src=\"https:\/\/cdn.lordicon.com\/qhybrhfg.json\" target=\".mobile-filters-btn\" trigger=\"hover\" colors=\"primary:#0A4069\" state=\"hover\" style=\"width:26px;height:26px\"><\/lord-icon>\n                        <\/span>\n                        Filter                    <\/div>\n                    <div class=\"filter-inner\">\n                        <div class=\"filters v2\">\n                                                            <div class=\"filter-input search-input with-icon\">\n                                    <input type=\"text\" class=\"search\" placeholder=\"Suche\" value=\"\">\n                                    <lord-icon src=\"https:\/\/cdn.lordicon.com\/xaekjsls.json\" target=\".filter-input\" trigger=\"hover\" colors=\"primary:#0A4069\" style=\"width:30px;height:30px\"><\/lord-icon>\n                                <\/div>\n                                <div class=\"daterangepicker-input with-icon\">\n                                    <input type=\"text\" id=\"datepicker\" autocomplete=\"off\" class=\"datepicker\" placeholder=\"Daten\" value=\"\">\n                                    <lord-icon src=\"https:\/\/cdn.lordicon.com\/qjuahhae.json\" target=\".daterangepicker-input\" trigger=\"hover\" colors=\"primary:#0A4069\" style=\"width:30px;height:30px\"><\/lord-icon>\n                                    <button type=\"button\" class=\"datepicker-reset\" style=\"display: none;\">\n                                        <i class=\"fal fa-times\"><\/i>\n                                    <\/button>\n                                <\/div>\n                                                                <select class=\"types with-search\" data-placeholder=\"Suche\">\n                                    <option value=\"\">Types<\/option>\n                                                                            <option value=\"01kbhq6q0fxsptexq41bx51kmc\" >Anderes<\/option>\n                                                                            <option value=\"01kbhq6q0he3enc6mw8c0g5t9x\" >Business<\/option>\n                                                                            <option value=\"01kbhq6q0jrjsh7457hd70gsqn\" >Kino<\/option>\n                                                                            <option value=\"01kbhq6q0krcha13f5nggbvgz7\" >Konzert<\/option>\n                                                                            <option value=\"01kbhq6q0nmsm7s02w4n9fds5d\" >Konferenz<\/option>\n                                                                            <option value=\"01kbhq6q0pexs3bjp0dhapfzf7\" >Kurse &amp; Weiterbildung<\/option>\n                                                                            <option value=\"01kbhq6q0rcrw590jy6z0vhneq\" >Kochkurse und Kostproben<\/option>\n                                                                            <option value=\"01kbhq6q0sphmx67nm2dw1dnp7\" >Kultur und Kulturerbe<\/option>\n                                                                            <option value=\"01kbhq6q0twy5yvsa4ewe4fnwn\" >Ev\u00e9nements<\/option>\n                                                                            <option value=\"01kbhq6q0wnxgrdjqx65dzfn0p\" >Ausstellung<\/option>\n                                                                            <option value=\"01kbhq6q0xj1agnkpedcsaw5je\" >Feste und Festivals<\/option>\n                                                                            <option value=\"01kbhq6q0yx9dtzm6xsafzmty0\" >Gastronomie &amp; Wein<\/option>\n                                                                            <option value=\"01kbhq6q0zvqq1pf2mnn1jkksc\" >Veranstaltungen<\/option>\n                                                                            <option value=\"01kbhq6q11vgagqw13syzb7aq2\" >M\u00e4rkte<\/option>\n                                                                            <option value=\"01kbhq6q125egc1d9xqgny95h7\" >C715 &#8211; MICE [Genferseegebiet]<\/option>\n                                                                            <option value=\"01kbhq6q13n8jrt1yej60mqajt\" >Natur<\/option>\n                                                                            <option value=\"01kbhq6q14k1y0zwx269ebtfk4\" >Sport<\/option>\n                                                                            <option value=\"01kbhq6q169m7bnr5cxxha140s\" >Theatre und Shows<\/option>\n                                                                            <option value=\"01kbhq6q17v7hvscmxb4mpvw4m\" >Besuche und F\u00fchrungen<\/option>\n                                                                            <option value=\"01kkerp7402x3djdch9h173c0x\" >Brauchtum, Markt, Handwerk<\/option>\n                                                                            <option value=\"01kkg8sdw7vbqd51k7jxmwd9jg\" >Theater, Kino, Vorf\u00fchrung<\/option>\n                                                                            <option value=\"01kn4gfva67hfpdbqvavtvm8q2\" >Spectacle<\/option>\n                                                                            <option value=\"01kp2nnx5b6x6gbc26m4ekvepq\" >Sport<\/option>\n                                                                            <option value=\"01kp2nspr8vnp5p5898pwqyq99\" >F\u00eate<\/option>\n                                                                    <\/select>\n                                                                <select class=\"destinations with-search\" data-placeholder=\"Suche\">\n                                    <option value=\"\">Reiseziele<\/option>\n                                                                            <option value=\"01kbhq6f0sdeybeqq9zpy5pvn5\" >Aigle-Leysin-Les Mosses<\/option>\n                                                                            <option value=\"01kbhq6f0z02pm0fh2z2qmmmm3\" >Avenches Tourisme<\/option>\n                                                                            <option value=\"01kbhq6f144f0wgf98qtxczv8n\" >Echallens Tourisme<\/option>\n                                                                            <option value=\"01kbhq6f17v1w23f955n5q26gf\" >Lausanne Tourisme<\/option>\n                                                                            <option value=\"01kbhq6f1ajnfshmvbrygj5dq6\" >Montreux Riviera<\/option>\n                                                                            <option value=\"01kbhq6f1hfdzebz7avxw43j5t\" >Morges R\u00e9gion Tourisme<\/option>\n                                                                            <option value=\"01kbhq6f1p1jrttn4jhtxgmmz3\" >Moudon Tourisme<\/option>\n                                                                            <option value=\"01kbhq6f1vhhzm5gf2rvq4xxdj\" >Nyon R\u00e9gion Tourisme<\/option>\n                                                                            <option value=\"01kbhq6f20gcwnd0r20fr4rtez\" >Pays-d\u2019Enhaut Tourisme<\/option>\n                                                                            <option value=\"01kbhq6f26s7v3a536ec8hzhzq\" >Vall\u00e9e de Joux Tourisme<\/option>\n                                                                            <option value=\"01kbhq6f2c9y3drg0aa7fb43pj\" >Villars-Gryon-Les Diablerets-Bex<\/option>\n                                                                            <option value=\"01kbhq6f2h6rsvnj8egf0cchd8\" >Yverdon-les-Bains R\u00e9gion<\/option>\n                                                                            <option value=\"01kkerp73yjxqs2q9dknyy75z9\" >Lac de Morat &amp; Estavayer R\u00e9gion<\/option>\n                                                                    <\/select>\n\n                                                                    <select class=\"seasons\" id=\"event_AT290\">\n                                        <option value=\"\">Saison<\/option>\n                                                                                    <option value=\"AT290_0\" >Hiver<\/option>\n                                                                                    <option value=\"AT290_1\" >Printemps<\/option>\n                                                                                    <option value=\"AT290_2\" >\u00c9t\u00e9<\/option>\n                                                                                    <option value=\"AT290_3\" >Automne<\/option>\n                                                                            <\/select>\n                                \n                                <div class=\"accessibility\">\n                                    <input type=\"checkbox\" class=\"checkbox\" id=\"event_AT194\" name=\"event_AT194\" >\n                                    <label for=\"event_AT194\">Rollstuhlgerecht<\/label>\n                                <\/div>\n                                                    <\/div>\n                    <\/div>\n                <\/div>\n            <\/div>\n            <div class=\"col-lg-7\">\n                                    <ul class=\"view-switcher switcher-tab-nav\">\n                        <li class=\"grid-view active\" data-tab=\"1\">Raster<\/li>\n                        <li class=\"map-view\" data-tab=\"2\">Karte<\/li>\n                    <\/ul>\n                                <div class=\"switcher-tab-content\">\n                    <div class=\"switcher-tab active\" data-tab=\"1\">\n                        <div class=\"row events-list\">\n                            <div class=\"col-md-6\">\n    <a href=\"https:\/\/www.vaud.ch\/de\/tourismus\/veranstaltungen\/le-coq-et-la-sirene\" data-id=\"01kjs8hymcah1g5e1z9th2v5y7\" class=\"event-card v2\">\n        <div class=\"img-wrap\">\n                            <div class=\"event-cat\">\n                    <span>Ausstellung<\/span>\n                <\/div>\n                                        <img decoding=\"async\" src=\"https:\/\/www.vaud.ch\/app\/themes\/child\/assets\/images\/loading-pixel.svg\" class=\"lazyload\" data-src=\"https:\/\/app.localhub.ch\/api\/image\/01kjs8j633f0avyzk4yt7gvcnd\/scale\/800\" alt=\"Le coq et la sir\u00e8ne\">\n                        <button class=\"favorite-button\" data-item-title=\"Le coq et la sir\u00e8ne\" data-item-id=\"01kjs8hymcah1g5e1z9th2v5y7\" data-item-type=\"events\">\n                <i class=\"fas fa-heart favorite__icon favorite--enable\"><\/i>\n                <i class=\"far fa-heart favorite__icon favorite--not\"><\/i>\n            <\/button>\n        <\/div>\n        <div class=\"event-content\">\n            <h3>Le coq et la sir\u00e8ne<\/h3>\n            <div class=\"post-meta\">\n                                    <span class=\"location\"><img decoding=\"async\" src=\"https:\/\/www.vaud.ch\/app\/themes\/child\/assets\/images\/location-v2.svg\" alt=\"\" class=\"skip-lazy\">Nyon R\u00e9gion Tourisme<\/span>\n                            <\/div>\n        <\/div>\n    <\/a>\n<\/div><div class=\"col-md-6\">\n    <a href=\"https:\/\/www.vaud.ch\/de\/tourismus\/veranstaltungen\/kolonialismus-eine-involvierte-schweiz\" data-id=\"01kjs8hymcah1g5e1z9th2v5yh\" class=\"event-card v2\">\n        <div class=\"img-wrap\">\n                            <div class=\"event-cat\">\n                    <span>Ausstellung<\/span>\n                <\/div>\n                                        <img decoding=\"async\" src=\"https:\/\/www.vaud.ch\/app\/themes\/child\/assets\/images\/loading-pixel.svg\" class=\"lazyload\" data-src=\"https:\/\/app.localhub.ch\/api\/image\/01kjs8j7c1mzxgw8dhkrtf9kpn\/scale\/800\" alt=\"Kolonialismus. Eine involvierte Schweiz\">\n                        <button class=\"favorite-button\" data-item-title=\"Kolonialismus. Eine involvierte Schweiz\" data-item-id=\"01kjs8hymcah1g5e1z9th2v5yh\" data-item-type=\"events\">\n                <i class=\"fas fa-heart favorite__icon favorite--enable\"><\/i>\n                <i class=\"far fa-heart favorite__icon favorite--not\"><\/i>\n            <\/button>\n        <\/div>\n        <div class=\"event-content\">\n            <h3>Kolonialismus. Eine involvierte Schweiz<\/h3>\n            <div class=\"post-meta\">\n                                    <span class=\"location\"><img decoding=\"async\" src=\"https:\/\/www.vaud.ch\/app\/themes\/child\/assets\/images\/location-v2.svg\" alt=\"\" class=\"skip-lazy\">Nyon R\u00e9gion Tourisme<\/span>\n                            <\/div>\n        <\/div>\n    <\/a>\n<\/div><div class=\"col-md-6\">\n    <a href=\"https:\/\/www.vaud.ch\/de\/tourismus\/veranstaltungen\/cours-de-degustation-doenologie-1\" data-id=\"01kjz11g17zh6msxbvwt8e3qtn\" class=\"event-card v2\">\n        <div class=\"img-wrap\">\n                            <div class=\"event-cat\">\n                    <span>Ausstellung<\/span>\n                <\/div>\n                                        <img decoding=\"async\" src=\"https:\/\/www.vaud.ch\/app\/themes\/child\/assets\/images\/loading-pixel.svg\" class=\"lazyload\" data-src=\"https:\/\/app.localhub.ch\/api\/image\/01kbhraggaq0dhyn3zc50ztxsq\/scale\/800\" alt=\"Fondation l&#039;Estr\u00e9e, Ropraz, exposition\">\n                        <button class=\"favorite-button\" data-item-title=\"Epesses neu in Feierlaune\" data-item-id=\"01kjz11g17zh6msxbvwt8e3qtn\" data-item-type=\"events\">\n                <i class=\"fas fa-heart favorite__icon favorite--enable\"><\/i>\n                <i class=\"far fa-heart favorite__icon favorite--not\"><\/i>\n            <\/button>\n        <\/div>\n        <div class=\"event-content\">\n            <h3>Epesses neu in Feierlaune<\/h3>\n            <div class=\"post-meta\">\n                                    <span class=\"location\"><img decoding=\"async\" src=\"https:\/\/www.vaud.ch\/app\/themes\/child\/assets\/images\/location-v2.svg\" alt=\"\" class=\"skip-lazy\">Moudon Tourisme<\/span>\n                            <\/div>\n        <\/div>\n    <\/a>\n<\/div><div class=\"col-md-6\">\n    <a href=\"https:\/\/www.vaud.ch\/de\/tourismus\/veranstaltungen\/exposition-la-passion-des-cuilleres-a-creme\" data-id=\"01kjwqtpbdr3ttar9q2fspt0y5\" class=\"event-card v2\">\n        <div class=\"img-wrap\">\n                            <div class=\"event-cat\">\n                    <span>Ausstellung<\/span>\n                <\/div>\n                                        <img decoding=\"async\" src=\"https:\/\/www.vaud.ch\/app\/themes\/child\/assets\/images\/loading-pixel.svg\" class=\"lazyload\" data-src=\"https:\/\/app.localhub.ch\/api\/image\/01kkxbv9gw8dneyp4fc9jzj96w\/scale\/800\" alt=\"Ausstellung \u00ab Die Leidenschaft f\u00fcr Rahml\u00f6ffel \u00bb\">\n                        <button class=\"favorite-button\" data-item-title=\"Ausstellung \u00ab Die Leidenschaft f\u00fcr Rahml\u00f6ffel \u00bb\" data-item-id=\"01kjwqtpbdr3ttar9q2fspt0y5\" data-item-type=\"events\">\n                <i class=\"fas fa-heart favorite__icon favorite--enable\"><\/i>\n                <i class=\"far fa-heart favorite__icon favorite--not\"><\/i>\n            <\/button>\n        <\/div>\n        <div class=\"event-content\">\n            <h3>Ausstellung \u00ab Die Leidenschaft f\u00fcr Rahml\u00f6ffel \u00bb<\/h3>\n            <div class=\"post-meta\">\n                                    <span class=\"location\"><img decoding=\"async\" src=\"https:\/\/www.vaud.ch\/app\/themes\/child\/assets\/images\/location-v2.svg\" alt=\"\" class=\"skip-lazy\">Pays-d\u2019Enhaut Tourisme<\/span>\n                            <\/div>\n        <\/div>\n    <\/a>\n<\/div>                        <\/div>\n                                                    <div>\n                                                                <a href=\"#\"\n                                    class=\"load-more-btn btn \"\n                                    data-page=\"1\"\n                                    data-post-per-page=\"4\">\n                                    <span>Mehr anzeigen<\/span>\n                                    <img decoding=\"async\" src=\"https:\/\/www.vaud.ch\/app\/themes\/child\/assets\/images\/loader.svg\" alt=\"\" class=\"skip-lazy\">\n                                <\/a>\n                            <\/div>\n                                            <\/div>\n                                            <div class=\"map-outer switcher-tab\" data-tab=\"2\">\n                            <div id=\"map\">\n                                <div id=\"map-loading\">\n                                    <span><lord-icon src=\"https:\/\/cdn.lordicon.com\/gkryirhd.json\" trigger=\"loop\" state=\"loop-snake\" colors=\"primary:#0a4069\" style=\"width:70px;height:70px\"><\/lord-icon><\/span>\n                                <\/div>\n                            <\/div>\n                            <div class=\"overlay-zoom\">\n                                <span class=\"desktop-msg\">\n                                    Mit STRG + Scrollrad k\u00f6nnen Sie die Karte vergr\u00f6\u00dfern                                <\/span>\n                                <span class=\"touch-msg\">\n                                    Verwenden Sie zwei Finger, um die Karte zu verschieben                                <\/span>\n                            <\/div>\n                        <\/div>\n                                    <\/div>\n            <\/div>\n        <\/div>\n    <\/div>\n\n\n            <script>\n            jQuery('#datepicker').daterangepicker({\n                \"autoApply\": true,\n                \"linkedCalendars\": false,\n                \"showCustomRangeLabel\": false,\n                \"startDate\": \"28.04.2026\",\n                \"endDate\": false,\n                \"autoUpdateInput\": false,\n                \"minDate\": \"28.04.2026\",\n                \"maxDate\": false,\n                \"value\": \"28.04.2026 - \",\n                \"locale\": {\n                    \"format\": \"DD.MM.YYYY\",\n                    \"daysOfWeek\": [\n                        \"Son\",\n                        \"Mon\",\n                        \"Die\",\n                        \"Mitt\",\n                        \"Don\",\n                        \"Fre\",\n                        \"Sam\"\n                    ],\n                    \"monthNames\": [\n                        \"<b>Januar<\/b>\",\n                        \"<b>Februar<\/b>\",\n                        \"<b>M\u00e4rz<\/b>\",\n                        \"<b>April<\/b>\",\n                        \"<b>Mai<\/b>\",\n                        \"<b>Juni<\/b>\",\n                        \"<b>Juli<\/b>\",\n                        \"<b>August<\/b>\",\n                        \"<b>September<\/b>\",\n                        \"<b>Oktober<\/b>\",\n                        \"<b>November<\/b>\",\n                        \"<b>Dezember <\/b>\"\n                    ],\n                    \"firstDay\": 1\n                },\n            });\n\n            jQuery('#datepicker').on('show.daterangepicker', function(ev, picker) {\n                jQuery(this).addClass('active');\n            });\n\n            jQuery('#datepicker').on('hide.daterangepicker', function(ev, picker) {\n                jQuery(this).removeClass('active');\n            });\n\n            jQuery('#datepicker').on('apply.daterangepicker', function(ev, picker) {\n                jQuery(this).val(picker.startDate.format('DD.MM.YYYY') + ' - ' + picker.endDate.format('DD.MM.YYYY'));\n                var $datepicker_reset = jQuery('.datepicker-reset');\n                if (jQuery('#datepicker').val() != '') {\n                    $datepicker_reset.show();\n                } else {\n                    $datepicker_reset.hide();\n                }\n            });\n\n            jQuery(document).on('click', '.datepicker-reset', function() {\n                var $el = jQuery('#datepicker');\n                var drp = $el.data('daterangepicker');\n                if (drp && typeof drp.clickCancel === 'function') {\n                    drp.clickCancel();\n                } else {\n                    \/\/ Fallback: \u00e9mettre l'\u00e9v\u00e9nement cancel\n                    $el.trigger('cancel.daterangepicker', [drp]);\n                }\n                jQuery(this).hide();\n            });\n        <\/script>\n\n\t<\/div>\n\n<\/div>\n","protected":false},"excerpt":{"rendered":"","protected":false},"author":1,"featured_media":1607,"parent":2452,"menu_order":0,"comment_status":"closed","ping_status":"closed","template":"","meta":{"_acf_changed":false,"footnotes":""},"class_list":["post-3145","page","type-page","status-publish","has-post-thumbnail","hentry"],"acf":[],"aioseo_notices":[],"_links":{"self":[{"href":"https:\/\/www.vaud.ch\/de\/wp-json\/wp\/v2\/pages\/3145","targetHints":{"allow":["GET"]}}],"collection":[{"href":"https:\/\/www.vaud.ch\/de\/wp-json\/wp\/v2\/pages"}],"about":[{"href":"https:\/\/www.vaud.ch\/de\/wp-json\/wp\/v2\/types\/page"}],"author":[{"embeddable":true,"href":"https:\/\/www.vaud.ch\/de\/wp-json\/wp\/v2\/users\/1"}],"replies":[{"embeddable":true,"href":"https:\/\/www.vaud.ch\/de\/wp-json\/wp\/v2\/comments?post=3145"}],"version-history":[{"count":8,"href":"https:\/\/www.vaud.ch\/de\/wp-json\/wp\/v2\/pages\/3145\/revisions"}],"predecessor-version":[{"id":20050,"href":"https:\/\/www.vaud.ch\/de\/wp-json\/wp\/v2\/pages\/3145\/revisions\/20050"}],"up":[{"embeddable":true,"href":"https:\/\/www.vaud.ch\/de\/wp-json\/wp\/v2\/pages\/2452"}],"wp:featuredmedia":[{"embeddable":true,"href":"https:\/\/www.vaud.ch\/de\/wp-json\/wp\/v2\/media\/1607"}],"wp:attachment":[{"href":"https:\/\/www.vaud.ch\/de\/wp-json\/wp\/v2\/media?parent=3145"}],"curies":[{"name":"wp","href":"https:\/\/api.w.org\/{rel}","templated":true}]}}