{"id":4144,"date":"2023-09-07T11:00:54","date_gmt":"2023-09-07T09:00:54","guid":{"rendered":"https:\/\/www.vaud.ch\/politique-de-confidentialite\/"},"modified":"2023-11-21T11:53:13","modified_gmt":"2023-11-21T10:53:13","slug":"datenschutzrichtlinien","status":"publish","type":"page","link":"https:\/\/www.vaud.ch\/de\/datenschutzrichtlinien\/","title":{"rendered":"Datenschutzrichtlinien"},"content":{"rendered":"\n<div class=\"wp-block-group is-layout-constrained wp-block-group-is-layout-constrained\">\n<p>Vaud Promotion respektiert Ihre Privatsph\u00e4re und verpflichtet sich zu vollst\u00e4ndiger Transparenz dar\u00fcber, wie wir Ihre pers\u00f6nlichen Daten sammeln, verwenden und weitergeben.<br><br>Diese Datenschutzrichtlinie informiert Sie dar\u00fcber, wie Vaud Promotion mit den pers\u00f6nlichen Daten umgeht, die wir von Ihnen erheben, die Sie uns zur Verf\u00fcgung stellen oder die wir aus anderen Quellen erheben k\u00f6nnen. Dazu geh\u00f6ren die verschiedenen Arten, wie Sie mit uns interagieren, insbesondere pers\u00f6nlich, per E-Mail oder Telefon, \u00fcber unsere Websites oder \u00fcber unsere Seiten in sozialen Netzwerken.<br><br>Vaud Promotion, Avenue G\u00e9n\u00e9ral-Guisan 48, 1009 Pully (Schweiz) ist der Verantwortliche f\u00fcr die Verarbeitung Ihrer pers\u00f6nlichen Daten, die im Rahmen dieser Datenschutzrichtlinie gesammelt werden.<br><br>Wenn Sie Fragen zu Ihren pers\u00f6nlichen Daten haben, k\u00f6nnen Sie sich jederzeit per E-Mail an uns wenden: <a href=\"mailto:info@vaud-promotion.ch\">info@vaud-promotion.ch<\/a>.<br><br>Diese Datenschutzrichtlinie dient folgenden Zwecken:<\/p>\n\n\n\n<ul class=\"editor-list wp-block-list\">\n<li>die pers\u00f6nlichen Daten aufzulisten, die wir von Ihnen erheben;<\/li>\n\n\n\n<li>den Zweck der Verarbeitung dieser Daten zu erkl\u00e4ren und anzugeben, auf welcher Rechtsgrundlage wir diese Daten verarbeiten ;<\/li>\n\n\n\n<li>zu identifizieren, mit wem diese Daten geteilt werden ;<\/li>\n\n\n\n<li>die Sicherheitsma\u00dfnahmen, die wir im Zusammenhang mit diesen Daten ergreifen, darzulegen ;<\/li>\n\n\n\n<li>Sie \u00fcber Ihre Rechte in Bezug auf Ihre pers\u00f6nlichen Daten zu informieren und dar\u00fcber, wie Sie diese Rechte aus\u00fcben k\u00f6nnen ;<\/li>\n<\/ul>\n\n\n\n<h3 class=\"wp-block-heading\"><strong>UNSERE DATENSCHUTZRICHTLINIE UND IHRE ZUSTIMMUNG<\/strong><\/h3>\n\n\n\n<p>Indem du mit uns interagierst oder uns deine pers\u00f6nlichen Daten zur Verf\u00fcgung stellst, stimmst du den in dieser Datenschutzrichtlinie beschriebenen Regeln zu. Wenn Sie mit diesen Regeln nicht einverstanden sind, nutzen oder besuchen Sie unsere Website bitte nicht und stellen Sie uns Ihre pers\u00f6nlichen Daten nicht zur Verf\u00fcgung.<br><br>Vaud Promotion beh\u00e4lt sich das Recht vor, \u00c4nderungen an dieser Datenschutzrichtlinie vorzunehmen, die wirksam werden, sobald sie auf unserer Website ver\u00f6ffentlicht werden. Bitte achten Sie darauf, unsere Website regelm\u00e4\u00dfig auf \u00c4nderungen zu \u00fcberpr\u00fcfen.<\/p>\n\n\n\n<h3 class=\"wp-block-heading\"><strong><strong>WELCHE PERS\u00d6NLICHEN DATEN SAMMELN WIR?<\/strong><\/strong><\/h3>\n\n\n\n<p>Wenn Sie mit uns interagieren, z. B. \u00fcber unsere Website, unsere Social-Media-Konten, per E-Mail oder Telefon, wenn Sie unsere physischen R\u00e4umlichkeiten besuchen oder bei Veranstaltungen, k\u00f6nnen wir Ihre personenbezogenen Daten erheben.<br><br>Wir erheben nur die personenbezogenen Daten, die Sie uns mitteilen, die sich aus Ihren Handlungen auf unserer Website ergeben und\/oder die wir ben\u00f6tigen, um Ihnen unsere Dienstleistungen anzubieten oder zu verbessern, oder auf der Grundlage eines anderen berechtigten Interesses :<\/p>\n\n\n\n<ul class=\"editor-list wp-block-list\">\n<li><strong>Kontakt- und Identifikationsinformationen<\/strong> wie Name, Vorname, Anrede, physische und\/oder elektronische Adresse, Telefonnummer ;<\/li>\n\n\n\n<li><strong>Buchungsinformationen wie Land<\/strong> des Wohnsitzes, Nationalit\u00e4t, Ausweispapiere, Geburtsdatum, Geschlecht, An- und Abreisedatum, Anzahl der Kinder, Alter der Kinder ;<\/li>\n\n\n\n<li><strong>Transaktionsinformationen<\/strong>, wie Zahlungsdetails (z. B. Kreditkarten- oder Bankkontonummern) und Rechnungsadresse ;<\/li>\n\n\n\n<li><strong>Informationen \u00fcber Ihre Vorlieben und Interessen sowie Ihre Sprache, optional<\/strong>, wenn Sie sich f\u00fcr einen unserer Kommunikations- oder Marketingkan\u00e4le (z. B. Newsletter) anmelden;<\/li>\n\n\n\n<li><strong>Informationen aus Ihren Social-Media-Konten<\/strong>, wie Profile, Fotos, Videos, Stories, Kommentare und andere von Ihnen generierte Inhalte, in denen unsere Marken und\/oder Dienstleistungen erw\u00e4hnt werden oder erscheinen, wenn Sie einem dritten sozialen Netzwerk erlauben, Ihre personenbezogenen Daten mit uns zu teilen, oder wenn Sie eine Funktio\u0144 eines sozialen Netzwerks nutzen, die in eine unserer Webseiten integriert ist ;<\/li>\n\n\n\n<li><strong>Berufliche Informationen<\/strong>, wenn Sie sich auf ein Stellenangebot bewerben oder eine Initiativbewerbung einreichen, z. B. fr\u00fchere Berufserfahrungen, besuchte Bildungseinrichtungen, Referenzen oder Zertifizierungen, oder wenn Sie den Prozess zur Auszeichnung als VAUD AMBASSADEUR beginnen, z. B. Rolle und Funktion in dem Unternehmen, das Sie auszeichnen m\u00f6chten ;<\/li>\n\n\n\n<li><strong>Sicherheitsinformationen<\/strong>, wie z. B. Fotos oder Videos von Ihnen, die w\u00e4hrend Ihres Besuchs an unseren Schaltern von unseren Sicherheitskameras aufgenommen wurden.<\/li>\n<\/ul>\n\n\n\n<p>Wir verwenden Cookies und andere Tracking-Technologien, die bestimmte Arten von Informationen sammeln, wenn Sie mit unserer Website interagieren oder unsere E-Mails \u00f6ffnen, wie z. B. IP-Adressen, Standort, Ger\u00e4te oder Browserpr\u00e4ferenzen, Betriebssystem, Quelle, Dauer des Besuchs, aufgerufene Seiten etc. <br><br>Weitere Informationen finden Sie in unserem Hinweis zu Cookies.<br><br>Wir k\u00f6nnen auch personenbezogene Daten unter anderem von Datenaggregatoren Dritter (z. B. Google), Werbepartnern, \u00f6ffentlichen Quellen und Plattformen sozialer Netzwerke sammeln. Diese Daten k\u00f6nnen personenbezogene Daten aus Ihrem Profil in einem sozialen Netzwerk umfassen, deren Weitergabe an uns Sie diesem Netzwerk gem\u00e4\u00df seinen Regeln gestatten.<\/p>\n\n\n\n<h3 class=\"wp-block-heading\"><strong><strong>WARUM SAMMELN WIR IHRE PERSONENBEZOGENEN DATEN UND AUF WELCHER RECHTLICHEN GRUNDLAGE?<\/strong><\/strong><\/h3>\n\n\n\n<p>Wir erheben und verwenden Ihre personenbezogenen Daten, um :<\/p>\n\n\n\n<ul class=\"editor-list wp-block-list\">\n<li>Ihnen unser Dienstleistungsangebot zur Verf\u00fcgung zu stellen ;<\/li>\n\n\n\n<li>bei Buchungen mit Ihnen gesch\u00e4ftliche Transaktionen durchzuf\u00fchren;<\/li>\n\n\n\n<li>um Ihnen relevante Marketing- und Kommunikationsdienste in Verbindung mit Ihren Bed\u00fcrfnissen, Vorlieben und Interessen anzubieten ;<\/li>\n\n\n\n<li>um Ihre Fragen zu beantworten und\/oder Ihre Teilnahme an einem von uns veranstalteten Wettbewerb oder einer Veranstaltung zu verwalten;<\/li>\n\n\n\n<li>Ihre Nutzererfahrung auf unserer Website zu optimieren ;<\/li>\n\n\n\n<li>auf Bewerbungen, unaufgefordert oder anderweitig reagieren ;<\/li>\n\n\n\n<li>die Sicherheit und Wartung unserer Website sowie die Sicherheit unserer Mitarbeiter und Kunden zu gew\u00e4hrleisten ;<\/li>\n\n\n\n<li>Aufzeichnungen \u00fcber unsere Aktivit\u00e4ten zu f\u00fchren, damit wir unseren finanziellen oder rechtlichen Verpflichtungen nachkommen k\u00f6nnen.<\/li>\n<\/ul>\n\n\n\n<p>Wir verarbeiten Ihre Daten auf <strong>vorvertraglicher und\/oder vertraglicher Basis bei<\/strong> all Ihren Interaktionen mit Vaud Promotion im Zusammenhang mit Buchungen unserer Dienstleistungen oder der Dienstleistungen unserer Partner, wenn wir als Vermittler auftreten (bitte lesen Sie dazu unsere AGB), einschliesslich Ihrer Kontaktaufnahme mit uns oder Ihrer Informationsanfragen sowie aller damit zusammenh\u00e4ngenden Gesch\u00e4ftsvorg\u00e4nge. Wir verarbeiten Ihre personenbezogenen Daten auf derselben Grundlage, wenn Sie an einem von Vaud Promotion organisierten Wettbewerb teilnehmen, wenn Sie den Prozess zur Auszeichnung als VAUD AMBASSADEUR starten, wenn Sie sich auf eine Stellenanzeige bewerben oder wenn Sie uns eine Spontanbewerbung zusenden.<br><br>Sie k\u00f6nnen unsere Mitteilungen und Marketingmaterialien wie unseren Newsletter oder unsere Mailingliste abonnieren, und zu diesem Zweck haben Sie auch die M\u00f6glichkeit, Ihre Pr\u00e4ferenzen oder Interessen anzugeben. In diesem Fall werden wir Sie ausdr\u00fccklich um Ihre <strong>Zustimmung<\/strong> zur Verarbeitung Ihrer personenbezogenen Daten bitten. Bitte beachten Sie, dass Sie jederzeit von der M\u00f6glichkeit Gebrauch machen k\u00f6nnen, den Newsletter abzubestellen oder Ihre Zustimmung zu widerrufen, indem Sie die Option &#8220;Abbestellen&#8221; nutzen oder uns unter info@vaud-promotion.ch kontaktieren. Bei Fragen zur Einwilligung in Bezug auf Cookies lesen Sie bitte unseren Hinweis zu Cookies.<br><br>Dar\u00fcber hinaus kann es sein, dass wir Sie \u00fcber neue Dienstleistungen informieren, die sich von den von Ihnen abonnierten unterscheiden, aber benachbart sind und die f\u00fcr Sie n\u00fctzlich und vorteilhaft sein k\u00f6nnen. In diesem Fall liegt es im <strong>berechtigten Interesse&nbsp;<\/strong>unseres Unternehmens, aber auch in Ihrem, dass wir Ihre Kontaktinformationen, Ihre Vorlieben und Interessen, Ihre Nutzungsinformationen sowie Transaktionsinformationen wie z. B. Ihre Kaufhistorie verarbeiten. <br><br>Bitte beachten Sie, dass Sie in diesem Fall das Recht haben, der Verarbeitung zu widersprechen, indem Sie sich unter info@vaud-promotion.ch an uns wenden. Es liegt auch in unserem berechtigten Interesse, einige Ihrer Informationen zu verarbeiten, um die Sicherheit unserer R\u00e4umlichkeiten, unserer Computersysteme sowie unserer Mitarbeiter und Kunden zu gew\u00e4hrleisten.<br><br>Schlie\u00dflich haben wir <strong>gesetzliche Verpflichtungen<\/strong> nach nationalem und internationalem Recht. Um unsere Verpflichtungen zu erf\u00fcllen, verarbeiten wir Ihre personenbezogenen Daten zu Compliance-Zwecken, um unsere finanziellen oder rechtlichen Verpflichtungen zu erf\u00fcllen.Vous pouvez vous abonner \u00e0 nos communications et \u00e0 nos supports marketing, tels que notre Newsletter ou notre liste de mailing et, \u00e0 cet effet, vous avez \u00e9galement la possibilit\u00e9 de sp\u00e9cifier vos pr\u00e9f\u00e9rences ou vos int\u00e9r\u00eats. Dans ce cas, nous vous demanderons explicitement votre consentement pour traiter vos donn\u00e9es personnelles. Veuillez noter que vous pouvez exercer l&#8217;option de vous d\u00e9sabonner ou de retirer <strong>votre consentement<\/strong> \u00e0 tout moment en utilisant l\u2019option \u201cse d\u00e9sabonner\u201d ou en nous contactant \u00e0 &nbsp;<a href=\"mailto:info@vaud-promotion.ch\">info@vaud-promotion.ch<\/a>. Pour les questions de consentement li\u00e9es aux cookies, veuillez consulter notre notice sur les cookies.<br><br>Il se peut de plus que nous vous informions de nouveaux services diff\u00e9rents de ceux auxquels vous avez souscrit, mais adjacents, qui peuvent s\u2019av\u00e9rer utiles et avantageux pour vous. Dans ce cas, il est dans l\u2019int\u00e9r\u00eat l\u00e9gitime de notre entreprise, mais \u00e9galement du v\u00f4tre, que nous traitions vos informations de contact, vos pr\u00e9f\u00e9rences et int\u00e9r\u00eats, vos informations d&#8217;utilisation, ainsi que des informations transactionnelles telles que l&#8217;historique de vos achats. Veuillez noter que dans ce cas, vous avez le droit de vous opposer au traitement en nous contactant \u00e0&nbsp; <a href=\"mailto:info@vaud-promotion.ch\">info@vaud-promotion.ch<\/a>. Il est \u00e9galement dans notre int\u00e9r\u00eat l\u00e9gitime de traiter certaines de vos informations pour garantir la s\u00e9curit\u00e9 de nos locaux, de nos syst\u00e8mes informatiques, ainsi que de notre personnel et de nos clients.Enfin, nous avons des <strong>obligations l\u00e9gales<\/strong> en vertu du droit national et international. Afin de remplir nos obligations, nous traitons vos donn\u00e9es personnelles \u00e0 des fins de conformit\u00e9, afin de nous conformer \u00e0 nos obligations financi\u00e8res ou juridiques.<\/p>\n\n\n\n<h3 class=\"wp-block-heading\"><strong><strong>MIT WEM TEILEN WIR IHRE PERS\u00d6NLICHEN DATEN?<\/strong><\/strong><\/h3>\n\n\n\n<p>Wir verkaufen Ihre pers\u00f6nlichen Daten nicht.<br><br>Wenn wir als Vermittler im Namen und auf Rechnung unserer Partner handeln (bitte lesen Sie dazu unsere AGB [LINK]), geben wir Ihre personenbezogenen Daten an diese weiter, damit sie ihre vertraglichen Verpflichtungen erf\u00fcllen k\u00f6nnen, insbesondere die Erbringung der von Ihnen abonnierten Dienstleistungen.<\/p>\n\n\n\n<p>Es ist auch m\u00f6glich, dass wir Ihre personenbezogenen Daten an einige unserer Dienstleister (z. B. unser IT-Hosting-Unternehmen, das Online-Buchungs- oder Rechnungsunternehmen, das Callcenter und den Kreditkartenzahlungsdienst, den Partner f\u00fcr das G\u00fctesiegel VAUD AMBASSADEUR), an Gesch\u00e4ftspartner oder Marketing- und Kommunikationsagenturen (z. B. Dienste f\u00fcr die Herausgabe und Verteilung des Newsletters) oder an Beh\u00f6rden weitergeben.<\/p>\n\n\n\n<p>Wir verlangen von diesen Dritten, wenn sie au\u00dferhalb der Schweiz ans\u00e4ssig sind, dass sie alle Gesetze zum Schutz personenbezogener Daten einhalten. Wenn dies nicht der Fall ist, z.B. bei MailChimp f\u00fcr die Newsletter, erfolgt die Datenbekanntgabe ins Ausland nur, wenn hinreichende Garantien f\u00fcr einen angemessen Datenschutz bestehen. MailChimp garantiert \u00fcber die sog. Standardvertragsklauseln ein angemessenes Datenschutzniveau. Weitere Informationen zu den Standardvertragsklauseln gibt es <a href=\"https:\/\/eur-lex.europa.eu\/legal-content\/DE\/TXT\/HTML\/?uri=CELEX:02010D0087-20161217\">hier<\/a>.<br><br>Es kann auch sein, dass wir auf unserer Website Plugins verwenden, die auf Social-Media-Plattformen verweisen. Die Nutzung der von Ihnen gesammelten Daten (oder wie von Ihnen autorisiert) durch die Drittplattform unterliegt deren eigenen Datenschutzrichtlinien und Ihren Einstellungen auf dem Dienst. <\/p>\n\n\n\n<p>Wenn Sie nicht m\u00f6chten, dass die Website eines sozialen Netzwerks eines Dritten die \u00fcber unsere Website gesammelten Daten Ihrem Konto bei diesem sozialen Netzwerk zuordnet, m\u00fcssen Sie sich vor dem Besuch unserer Website bei der Website des betreffenden sozialen Netzwerks ausloggen.<\/p>\n\n\n\n<h3 class=\"wp-block-heading\"><strong><strong>WIE WERDEN IHRE DATEN GESPEICHERT, GESICHERT UND AUFBEWAHRT?<\/strong><\/strong><\/h3>\n\n\n\n<p>Wir treffen alle angemessenen technischen und organisatorischen Vorsichtsma\u00dfnahmen, um Ihre personenbezogenen Daten vor Verlust, unbefugtem Zugriff und anderen Verletzungen zu sichern. Diese Daten werden nicht an Dritte weitergegeben, au\u00dfer in den in dieser Datenschutzrichtlinie genannten F\u00e4llen.<\/p>\n\n\n\n<p>Wenn die von uns erfassten personenbezogenen Daten f\u00fcr einen bestimmten Zweck oder auf der Grundlage einer gesetzlichen Anforderung nicht mehr ben\u00f6tigt werden, vernichten oder anonymisieren wir sie.<\/p>\n\n\n\n<p>Wir verpflichten uns auch, Ihre pers\u00f6nlichen Daten nicht zu speichern, wenn Sie f\u00fcr einen bestimmten Zeitraum nach Beendigung Ihrer letzten Kontaktaufnahme mit uns kein Interesse an unseren Dienstleistungen zeigen sollten.<\/p>\n\n\n\n<h3 class=\"wp-block-heading\"><strong><strong>IHRE RECHTE &#8211; WIE SIE AUF IHRE PERS\u00d6NLICHEN DATEN ZUGREIFEN UND DEREN BERICHTIGUNG VERLANGEN K\u00d6NNEN<\/strong><\/strong><\/h3>\n\n\n\n<p>Sie k\u00f6nnen Ihre Rechte aus\u00fcben, indem Sie uns einfach unter <a href=\"mailto:info@vaud-promotion.ch\">info@vaud-promotion.ch<\/a> kontaktieren.<\/p>\n\n\n\n<p>Sie k\u00f6nnen Zugang zu Ihren personenbezogenen Daten verlangen sowie diese korrigieren oder aktualisieren.<\/p>\n\n\n\n<p>Wenn die Verarbeitung auf Ihrer Einwilligung beruht, haben Sie das Recht, diese jederzeit zu widerrufen. Sie k\u00f6nnen sich \u00fcbrigens von unserem Newsletter abmelden, um keine weiteren Marketingmitteilungen von uns zu erhalten, indem Sie die Option &#8220;Abmelden&#8221; nutzen oder uns unter info@vaud-promotion.ch kontaktieren.<\/p>\n\n\n\n<p>Wenn die Verarbeitung auf einem berechtigten Interesse beruht, haben Sie das Recht, gegen die Verarbeitung Widerspruch einzulegen.<\/p>\n\n\n\n<p>Um uns bei der Bearbeitung Ihrer Anfrage zu helfen, geben Sie uns bitte Ihre vollst\u00e4ndigen Kontaktdaten, damit wir Sie sicher identifizieren k\u00f6nnen.<\/p>\n\n\n\n<p>Sie k\u00f6nnen die Verwendung von Tracking-Technologien wie Cookies auch einschr\u00e4nken, indem Sie Ihren Browser so einstellen, dass er Sie warnt, bevor er Cookies akzeptiert, oder Sie k\u00f6nnen ihn einfach so einstellen, dass er sie ablehnt.<\/p>\n\n\n\n<p>Falls Sie der Meinung sind, dass wir Ihre Rechte oder Pflichten nicht einhalten, k\u00f6nnen Sie direkt bei den Datenschutzbeh\u00f6rden in der Schweiz eine Beschwerde einreichen.<\/p>\n\n\n\n<p>Die Datenschutzrichtlinie und alle sich daraus ergebenden oder damit zusammenh\u00e4ngenden Fragen unterliegen dem Schweizer Recht. Sie erkl\u00e4ren sich mit der ausschlie\u00dflichen Zust\u00e4ndigkeit der Gerichte am Sitz von Vaud Promotion einverstanden.<\/p>\n<\/div>\n","protected":false},"excerpt":{"rendered":"<p>Vaud Promotion respektiert Ihre Privatsph\u00e4re und verpflichtet sich zu vollst\u00e4ndiger Transparenz dar\u00fcber, wie wir Ihre pers\u00f6nlichen Daten sammeln, verwenden und weitergeben. Diese Datenschutzrichtlinie informiert Sie dar\u00fcber, wie Vaud Promotion mit den pers\u00f6nlichen Daten umgeht, die wir von Ihnen erheben, die Sie uns zur Verf\u00fcgung stellen oder die wir aus anderen Quellen erheben k\u00f6nnen. Dazu geh\u00f6ren [&hellip;]<\/p>\n","protected":false},"author":3,"featured_media":0,"parent":0,"menu_order":0,"comment_status":"closed","ping_status":"closed","template":"","meta":{"_acf_changed":false,"footnotes":""},"class_list":["post-4144","page","type-page","status-publish","hentry"],"acf":[],"aioseo_notices":[],"_links":{"self":[{"href":"https:\/\/www.vaud.ch\/de\/wp-json\/wp\/v2\/pages\/4144","targetHints":{"allow":["GET"]}}],"collection":[{"href":"https:\/\/www.vaud.ch\/de\/wp-json\/wp\/v2\/pages"}],"about":[{"href":"https:\/\/www.vaud.ch\/de\/wp-json\/wp\/v2\/types\/page"}],"author":[{"embeddable":true,"href":"https:\/\/www.vaud.ch\/de\/wp-json\/wp\/v2\/users\/3"}],"replies":[{"embeddable":true,"href":"https:\/\/www.vaud.ch\/de\/wp-json\/wp\/v2\/comments?post=4144"}],"version-history":[{"count":3,"href":"https:\/\/www.vaud.ch\/de\/wp-json\/wp\/v2\/pages\/4144\/revisions"}],"predecessor-version":[{"id":4316,"href":"https:\/\/www.vaud.ch\/de\/wp-json\/wp\/v2\/pages\/4144\/revisions\/4316"}],"wp:attachment":[{"href":"https:\/\/www.vaud.ch\/de\/wp-json\/wp\/v2\/media?parent=4144"}],"curies":[{"name":"wp","href":"https:\/\/api.w.org\/{rel}","templated":true}]}}