{"id":3051,"date":"2023-08-09T16:36:22","date_gmt":"2023-08-09T14:36:22","guid":{"rendered":"https:\/\/www.vaud.ch\/?page_id=3051"},"modified":"2024-04-17T11:23:14","modified_gmt":"2024-04-17T09:23:14","slug":"economy","status":"publish","type":"page","link":"https:\/\/www.vaud.ch\/en\/economy\/","title":{"rendered":"Economy"},"content":{"rendered":"\n<div class=\"wp-block-group is-style-section is-layout-flow wp-block-group-is-layout-flow\"><div class=\"wp-bootstrap-blocks-row row justify-content-center align-items-start\">\n\t\n\n<div class=\"col-12 col-md-8 col-xl-6\">\n\t\t\t\n\n<p class=\"is-style-heading-p\">The Canton of Vaud stands for innovation. Living in the heart of an exceptional region, the people of Vaud have created an ecosystem that combines higher-education schools and cutting-edge research with the state and several companies to stimulate innovation and accompany project leaders towards international success.<\/p>\n\n\n\n<h2 class=\"wp-block-heading\">Vaud or the dedication to innovation<\/h2>\n\n\n\n<figure class=\"wp-block-image size-full\"><img decoding=\"async\" src=\"https:\/\/www.vaud.ch\/app\/uploads\/2023\/08\/EconomieVaud_Solar_Impulse_SecondtestFlight_revillar-scaled-e1692951794325.jpg\" alt=\"\" class=\"wp-image-1485\"\/><figcaption class=\"wp-element-caption\">\u00a9Solar Impulse &#8211; Revillard<\/figcaption><\/figure>\n\n\n\n<p>Logitech, Solar Impulse, Nespresso, and watchmaking are but a few of the flagships of the canton of Vaud. With the Innovation and Promotion Agency at your side, you can count on an ally to grow your business.<\/p>\n\n\n\n<div class=\"wp-block-buttons is-layout-flex wp-block-buttons-is-layout-flex\">\n<div class=\"wp-block-button\"><a class=\"wp-block-button__link wp-element-button\" href=\"https:\/\/www.invest-vaud.ch\/\" target=\"_blank\" rel=\"noreferrer noopener\">More information<\/a><\/div>\n\n\n\n<div class=\"wp-block-button\"><a class=\"wp-block-button__link has-green-color-background-color has-background wp-element-button\" href=\"https:\/\/www.invest-vaud.ch\/main\/newsletter\" target=\"_blank\" rel=\"noreferrer noopener\">Subscribe to the Vaudois Economy Newsletter<\/a><\/div>\n<\/div>\n\n\t<\/div>\n\n<\/div>\n<\/div>\n\n\n\n<div class=\"wp-block-group is-style-section has-lightblue-color-full-background-color has-background is-layout-flow wp-block-group-is-layout-flow\">\n<h3 class=\"wp-block-heading\">Latest news<\/h3>\n\n\n\n    <div class=\"posts-by-category  \"  style=\"\" data-max-post=\"12\">\n\n                        <div class=\"posts-by-category-list row  \">\n            \n<div class=\"col-md-6 col-lg-4\">\n    <a href=\"https:\/\/www.vaud.ch\/en\/news\/lorem-ipsum-2-73\/\"  class=\"card \" data-id=\"10945\">\n        <div class=\"img-wrap\">\n            <img loading=\"lazy\" decoding=\"async\" width=\"580\" height=\"360\" src=\"https:\/\/www.vaud.ch\/app\/uploads\/2023\/09\/La-Tele-580x360.jpg\" class=\"post-image wp-post-image\" alt=\"Les produits VAUD CERTIFI\u00c9 D&#039;ICI \u00e0 la T\u00e9l\u00e9\" \/>                        <\/div>\n        <div class=\"post-content\">\n            <h3>Lorem Ipsum 2<\/h3>\n            <span class=\"date\">Posted on 11.03.25<\/span>\n                            <div class=\"post-meta\">\n                                            <span class=\"category\">Economy<\/span>\n                                            <span class=\"category\">Institution<\/span>\n                                    <\/div>\n                    <\/div>\n    <\/a>\n<\/div>\n<div class=\"col-md-6 col-lg-4\">\n    <a href=\"https:\/\/www.vaud.ch\/en\/news\/lorem-ipsum-2-72\/\"  class=\"card \" data-id=\"10712\">\n        <div class=\"img-wrap\">\n            <img loading=\"lazy\" decoding=\"async\" width=\"580\" height=\"360\" src=\"https:\/\/www.vaud.ch\/app\/uploads\/2023\/09\/La-Tele-580x360.jpg\" class=\"post-image wp-post-image\" alt=\"Les produits VAUD CERTIFI\u00c9 D&#039;ICI \u00e0 la T\u00e9l\u00e9\" \/>                        <\/div>\n        <div class=\"post-content\">\n            <h3>Lorem Ipsum 2<\/h3>\n            <span class=\"date\">Posted on 10.02.25<\/span>\n                            <div class=\"post-meta\">\n                                            <span class=\"category\">Economy<\/span>\n                                            <span class=\"category\">Institution<\/span>\n                                    <\/div>\n                    <\/div>\n    <\/a>\n<\/div>\n<div class=\"col-md-6 col-lg-4\">\n    <a href=\"https:\/\/www.vaud.ch\/en\/news\/lorem-ipsum-2-71\/\"  class=\"card \" data-id=\"10384\">\n        <div class=\"img-wrap\">\n            <img loading=\"lazy\" decoding=\"async\" width=\"580\" height=\"360\" src=\"https:\/\/www.vaud.ch\/app\/uploads\/2023\/09\/La-Tele-580x360.jpg\" class=\"post-image wp-post-image\" alt=\"Les produits VAUD CERTIFI\u00c9 D&#039;ICI \u00e0 la T\u00e9l\u00e9\" \/>                        <\/div>\n        <div class=\"post-content\">\n            <h3>Lorem Ipsum 2<\/h3>\n            <span class=\"date\">Posted on 20.12.24<\/span>\n                            <div class=\"post-meta\">\n                                            <span class=\"category\">Economy<\/span>\n                                            <span class=\"category\">Institution<\/span>\n                                    <\/div>\n                    <\/div>\n    <\/a>\n<\/div>\n<div class=\"col-md-6 col-lg-4\">\n    <a href=\"https:\/\/www.vaud.ch\/en\/news\/lorem-ipsum-2-70\/\"  class=\"card \" data-id=\"8972\">\n        <div class=\"img-wrap\">\n            <img loading=\"lazy\" decoding=\"async\" width=\"580\" height=\"360\" src=\"https:\/\/www.vaud.ch\/app\/uploads\/2023\/09\/La-Tele-580x360.jpg\" class=\"post-image wp-post-image\" alt=\"Les produits VAUD CERTIFI\u00c9 D&#039;ICI \u00e0 la T\u00e9l\u00e9\" \/>                        <\/div>\n        <div class=\"post-content\">\n            <h3>Lorem Ipsum 2<\/h3>\n            <span class=\"date\">Posted on 24.10.24<\/span>\n                            <div class=\"post-meta\">\n                                            <span class=\"category\">Institution<\/span>\n                                    <\/div>\n                    <\/div>\n    <\/a>\n<\/div>\n<div class=\"col-md-6 col-lg-4\">\n    <a href=\"https:\/\/www.vaud.ch\/en\/news\/lorem-ipsum-2-69\/\"  class=\"card \" data-id=\"6936\">\n        <div class=\"img-wrap\">\n            <img loading=\"lazy\" decoding=\"async\" width=\"580\" height=\"360\" src=\"https:\/\/www.vaud.ch\/app\/uploads\/2023\/09\/La-Tele-580x360.jpg\" class=\"post-image wp-post-image\" alt=\"Les produits VAUD CERTIFI\u00c9 D&#039;ICI \u00e0 la T\u00e9l\u00e9\" \/>                        <\/div>\n        <div class=\"post-content\">\n            <h3>Lorem Ipsum 2<\/h3>\n            <span class=\"date\">Posted on 07.06.24<\/span>\n                            <div class=\"post-meta\">\n                                            <span class=\"category\">Institution<\/span>\n                                    <\/div>\n                    <\/div>\n    <\/a>\n<\/div>\n<div class=\"col-md-6 col-lg-4\">\n    <a href=\"https:\/\/www.vd.ch\/actualites\/communiques-de-presse-de-letat-de-vaud\/detail\/communique\/time-designers-remporte-le-qart-innovation-challenge-2024\" target=\"_blank\" class=\"card external-news\" data-id=\"6487\">\n        <div class=\"img-wrap\">\n            <img loading=\"lazy\" decoding=\"async\" width=\"580\" height=\"360\" src=\"https:\/\/www.vaud.ch\/app\/uploads\/2024\/04\/QART-1-580x360.jpg\" class=\"post-image wp-post-image\" alt=\"\" \/>                        <\/div>\n        <div class=\"post-content\">\n            <h3>\u201cTime Designers&#8221; wins QART Innovation Challenge 2024<\/h3>\n            <span class=\"date\">Posted on 25.04.24<\/span>\n                            <div class=\"post-meta\">\n                                            <span class=\"category\">Economy<\/span>\n                                    <\/div>\n                    <\/div>\n    <\/a>\n<\/div>\n<div class=\"col-md-6 col-lg-4\">\n    <a href=\"https:\/\/www.vd.ch\/toutes-les-actualites\/communiques-de-presse\/detail\/communique\/tourisme-regional-durable-le-conseil-detat-soutient-deux-nouveaux-projets-pour-renforcer-loffre-touristique-dans-les-alpes-vaudoises-1711551529\" target=\"_blank\" class=\"card external-news\" data-id=\"6378\">\n        <div class=\"img-wrap\">\n            <img loading=\"lazy\" decoding=\"async\" width=\"500\" height=\"360\" src=\"https:\/\/www.vaud.ch\/app\/uploads\/2024\/04\/A20Swiss20With20A20Pulse-1-500x360.png\" class=\"post-image wp-post-image\" alt=\"\" \/>                        <\/div>\n        <div class=\"post-content\">\n            <h3>Sustainable tourism in the Vaud Alps<\/h3>\n            <span class=\"date\">Posted on 02.04.24<\/span>\n                            <div class=\"post-meta\">\n                                            <span class=\"category\">Economy<\/span>\n                                    <\/div>\n                    <\/div>\n    <\/a>\n<\/div>\n<div class=\"col-md-6 col-lg-4\">\n    <a href=\"https:\/\/annual-report-2023.ggba.swiss\/\" target=\"_blank\" class=\"card external-news\" data-id=\"6383\">\n        <div class=\"img-wrap\">\n            <img loading=\"lazy\" decoding=\"async\" width=\"350\" height=\"250\" src=\"https:\/\/www.vaud.ch\/app\/uploads\/2024\/04\/ggba-website-1.png\" class=\"post-image wp-post-image\" alt=\"\" srcset=\"https:\/\/www.vaud.ch\/app\/uploads\/2024\/04\/ggba-website-1.png 350w, https:\/\/www.vaud.ch\/app\/uploads\/2024\/04\/ggba-website-1-300x214.png 300w\" sizes=\"auto, (max-width: 350px) 100vw, 350px\" \/>                        <\/div>\n        <div class=\"post-content\">\n            <h3>GGBa Annual Report: Western Switzerland&#8217;s economic attractiveness confirmed<\/h3>\n            <span class=\"date\">Posted on 20.03.24<\/span>\n                            <div class=\"post-meta\">\n                                            <span class=\"category\">Economy<\/span>\n                                    <\/div>\n                    <\/div>\n    <\/a>\n<\/div>\n<div class=\"col-md-6 col-lg-4\">\n    <a href=\"https:\/\/www.techtour.com\/events\/2024\/9\/event-tech-tour-growth-health-2024%5B9%5D.html?pageId=7322325\" target=\"_blank\" class=\"card external-news\" data-id=\"6388\">\n        <div class=\"img-wrap\">\n            <img loading=\"lazy\" decoding=\"async\" width=\"580\" height=\"360\" src=\"https:\/\/www.vaud.ch\/app\/uploads\/2024\/04\/Sans20titre-1-1-580x360.png\" class=\"post-image wp-post-image\" alt=\"\" \/>                        <\/div>\n        <div class=\"post-content\">\n            <h3>TechTour Growth Health: call for applications starts now!<\/h3>\n            <span class=\"date\">Posted on 12.03.24<\/span>\n                            <div class=\"post-meta\">\n                                            <span class=\"category\">Economy<\/span>\n                                    <\/div>\n                    <\/div>\n    <\/a>\n<\/div>\n<div class=\"col-md-6 col-lg-4\">\n    <a href=\"https:\/\/promove.ch\/fr\/actualites\/chf-50000-de-soutien-cantonal-lade-pour-une-nouvelle-offre-oenotouristique-en-lavaux\" target=\"_blank\" class=\"card external-news\" data-id=\"6393\">\n        <div class=\"img-wrap\">\n            <img loading=\"lazy\" decoding=\"async\" width=\"580\" height=\"360\" src=\"https:\/\/www.vaud.ch\/app\/uploads\/2024\/04\/lavaux-actu-website-1-580x360.png\" class=\"post-image wp-post-image\" alt=\"\" \/>                        <\/div>\n        <div class=\"post-content\">\n            <h3>Support for a new tourism offering in Lavaux<\/h3>\n            <span class=\"date\">Posted on 20.02.24<\/span>\n                            <div class=\"post-meta\">\n                                            <span class=\"category\">Economy<\/span>\n                                    <\/div>\n                    <\/div>\n    <\/a>\n<\/div>\n<div class=\"col-md-6 col-lg-4\">\n    <a href=\"https:\/\/assets.ey.com\/content\/dam\/ey-sites\/ey-com\/en_ch\/topics\/eoy-switzerland\/ey-eoy-2024-ch-brochure-en.pdf\" target=\"_blank\" class=\"card external-news\" data-id=\"6398\">\n        <div class=\"img-wrap\">\n            <img loading=\"lazy\" decoding=\"async\" width=\"580\" height=\"360\" src=\"https:\/\/www.vaud.ch\/app\/uploads\/2024\/04\/EY-entrepreneur-of-the-year-website-1-580x360.png\" class=\"post-image wp-post-image\" alt=\"\" \/>                        <\/div>\n        <div class=\"post-content\">\n            <h3>Become EY Entrepreneur Of The Year Switzerland 2024!<\/h3>\n            <span class=\"date\">Posted on 19.02.24<\/span>\n                            <div class=\"post-meta\">\n                                            <span class=\"category\">Economy<\/span>\n                                    <\/div>\n                    <\/div>\n    <\/a>\n<\/div>\n<div class=\"col-md-6 col-lg-4\">\n    <a href=\"https:\/\/www.tech4eva.ch\/acceleration-program\" target=\"_blank\" class=\"card external-news\" data-id=\"6403\">\n        <div class=\"img-wrap\">\n            <img loading=\"lazy\" decoding=\"async\" width=\"580\" height=\"360\" src=\"https:\/\/www.vaud.ch\/app\/uploads\/2024\/04\/FB_Linkedin20Tech4Eva20call20for20application-1-580x360.png\" class=\"post-image wp-post-image\" alt=\"\" \/>                        <\/div>\n        <div class=\"post-content\">\n            <h3>Call for application Tech4Eva 2024<\/h3>\n            <span class=\"date\">Posted on 13.02.24<\/span>\n                            <div class=\"post-meta\">\n                                            <span class=\"category\">Economy<\/span>\n                                    <\/div>\n                    <\/div>\n    <\/a>\n<\/div>\n                    <\/div>\n\n\n                            <div class=\"row \">\n                <div class=\"col-md-12 text-center\">\n                    <a class=\"btn blue-btn with-icon\" href=\"https:\/\/www.invest-vaud.ch\/main\/news\" target=\"_blank\">\n                        <lord-icon src=\"https:\/\/cdn.lordicon.com\/isugonwi.json\" target=\".btn\" trigger=\"hover\" delay=\"2000\" colors=\"primary:#ffffff\" style=\"width:24px;height:24px\"><\/lord-icon>\n                        See all the news                    <\/a>\n                <\/div>\n            <\/div>\n            <\/div>\n\n    <\/div>\n","protected":false},"excerpt":{"rendered":"<p>Latest news<\/p>\n","protected":false},"author":8,"featured_media":1423,"parent":0,"menu_order":0,"comment_status":"closed","ping_status":"closed","template":"","meta":{"_acf_changed":false,"footnotes":""},"class_list":["post-3051","page","type-page","status-publish","has-post-thumbnail","hentry"],"acf":[],"aioseo_notices":[],"_links":{"self":[{"href":"https:\/\/www.vaud.ch\/en\/wp-json\/wp\/v2\/pages\/3051","targetHints":{"allow":["GET"]}}],"collection":[{"href":"https:\/\/www.vaud.ch\/en\/wp-json\/wp\/v2\/pages"}],"about":[{"href":"https:\/\/www.vaud.ch\/en\/wp-json\/wp\/v2\/types\/page"}],"author":[{"embeddable":true,"href":"https:\/\/www.vaud.ch\/en\/wp-json\/wp\/v2\/users\/8"}],"replies":[{"embeddable":true,"href":"https:\/\/www.vaud.ch\/en\/wp-json\/wp\/v2\/comments?post=3051"}],"version-history":[{"count":16,"href":"https:\/\/www.vaud.ch\/en\/wp-json\/wp\/v2\/pages\/3051\/revisions"}],"predecessor-version":[{"id":6459,"href":"https:\/\/www.vaud.ch\/en\/wp-json\/wp\/v2\/pages\/3051\/revisions\/6459"}],"wp:featuredmedia":[{"embeddable":true,"href":"https:\/\/www.vaud.ch\/en\/wp-json\/wp\/v2\/media\/1423"}],"wp:attachment":[{"href":"https:\/\/www.vaud.ch\/en\/wp-json\/wp\/v2\/media?parent=3051"}],"curies":[{"name":"wp","href":"https:\/\/api.w.org\/{rel}","templated":true}]}}